{"id":3,"date":"2022-09-08T13:14:38","date_gmt":"2022-09-08T11:14:38","guid":{"rendered":"http:\/\/ornellanaturopathe.com\/?page_id=3"},"modified":"2022-10-06T19:22:19","modified_gmt":"2022-10-06T17:22:19","slug":"mentions-legales","status":"publish","type":"page","link":"https:\/\/ornellanaturopathe.com\/index.php\/mentions-legales\/","title":{"rendered":"Politique de confidentialit\u00e9"},"content":{"rendered":"<p>[et_pb_section fb_built=\u00a0\u00bb1&Prime; admin_label=\u00a0\u00bbsection\u00a0\u00bb _builder_version=\u00a0\u00bb4.18.0&Prime; background_color=\u00a0\u00bb#F8F9F0&Prime; global_colors_info=\u00a0\u00bb{}\u00a0\u00bb][et_pb_row admin_label=\u00a0\u00bbrow\u00a0\u00bb _builder_version=\u00a0\u00bb4.16&Prime; background_size=\u00a0\u00bbinitial\u00a0\u00bb background_position=\u00a0\u00bbtop_left\u00a0\u00bb background_repeat=\u00a0\u00bbrepeat\u00a0\u00bb width=\u00a0\u00bb76.6%\u00a0\u00bb global_colors_info=\u00a0\u00bb{}\u00a0\u00bb][et_pb_column type=\u00a0\u00bb4_4&Prime; _builder_version=\u00a0\u00bb4.16&Prime; custom_padding=\u00a0\u00bb|||\u00a0\u00bb global_colors_info=\u00a0\u00bb{}\u00a0\u00bb custom_padding__hover=\u00a0\u00bb|||\u00a0\u00bb][et_pb_text admin_label=\u00a0\u00bbText\u00a0\u00bb _builder_version=\u00a0\u00bb4.18.0&Prime; background_size=\u00a0\u00bbinitial\u00a0\u00bb background_position=\u00a0\u00bbtop_left\u00a0\u00bb background_repeat=\u00a0\u00bbrepeat\u00a0\u00bb global_colors_info=\u00a0\u00bb{}\u00a0\u00bb]<\/p>\n<h1>Mentions L\u00e9gales<\/h1>\n<p>Conform\u00e9ment aux dispositions des Articles 6-III et 19 de la Loi n\u00b0 2004-575 du 21 juin 2004 pour la Confiance dans l\u2019\u00e9conomie num\u00e9rique, dite L.C.E.N., il est port\u00e9 \u00e0 la connaissance des utilisateurs et visiteurs du site https:\/\/ornellanaturopathe.com\/\u00a0les pr\u00e9sentes mentions l\u00e9gales.<br \/>Est d\u00e9sign\u00e9 ci-apr\u00e8s : Utilisateur, tout internaute se connectant et utilisant le site susnomm\u00e9 : <a href=\"https:\/\/ornellanaturopathe.com\/\">https:\/\/ornellanaturopathe.com\/<\/a><\/p>\n<p>&nbsp;<\/p>\n<h3>Article 1:\u00a0Editeur du site https:\/\/ornellanaturopathe.com\/\u00a0&amp; Direction de la publication<\/h3>\n<p>Ornella Pantar<br \/>SIRET: <span>81011692100026<br \/>Villa la Vigie 95 chemin de Vence <br \/><\/span><span>06520 Magagnosc France<br \/><\/span><\/p>\n<p>&nbsp;<\/p>\n<h3>Article 2:\u00a0H\u00e9bergement &amp; nom de domaine<\/h3>\n<p>OVH<br \/>Code APE 2620Z<br \/>N\u00b0 TVA : FR 22 424 761 419<br \/>Si\u00e8ge social : 2 rue Kellermann &#8211; 59100 Roubaix &#8211; France<\/p>\n<p>&nbsp;<\/p>\n<h3>Article 3: Principes<\/h3>\n<p>Ornella Pantar s\u2019efforce de fournir sur le site https:\/\/ornellanaturopathe.com\/\u00a0\u00a0les informations les plus pr\u00e9cises et \u00e0 jour possibles (sous r\u00e9serve de modifications apport\u00e9es depuis leur mise en ligne), mais ne saurait garantir l\u2019exactitude, la compl\u00e9tude et l\u2019actualit\u00e9 des informations diffus\u00e9es sur son site, qu\u2019elles soient de son fait ou du fait des tiers partenaires qui lui fournissent ces informations. En cons\u00e9quence, l\u2019internaute devra donc s\u2019assurer de l\u2019exactitude des informations et signaler toutes modifications du site qu\u2019il jugerait utile. Fabrice Cravatte n\u2019est en aucun cas responsable de l\u2019utilisation faite de ces informations, et de tout pr\u00e9judice direct ou indirect pouvant en d\u00e9couler.Article 5:\u00a0Services<br \/>Le site https:\/\/ornellanaturopathe.com\/\u00a0permet \u00e0 l\u2019Utilisateur un acc\u00e8s gratuit aux services suivants :<br \/>pr\u00e9sentation des activit\u00e9s de Ornella Naturopathe<br \/>Le site est accessible gratuitement en tout lieu \u00e0 tout Utilisateur ayant un acc\u00e8s \u00e0 Internet. Tous les frais support\u00e9s par l\u2019Utilisateur pour acc\u00e9der au service (mat\u00e9riel informatique, logiciels, connexion Internet, etc.) sont \u00e0 sa charge.<\/p>\n<p>&nbsp;<\/p>\n<h3>Article 4: Propri\u00e9t\u00e9 intellectuelle<\/h3>\n<p>En accord avec les lois r\u00e9gissant la propri\u00e9t\u00e9 intellectuelle, la reproduction ou l\u2019utilisation des \u00e9l\u00e9ments se trouvant dans ce site Internet, en totalit\u00e9 ou en partie est strictement interdite. Seules sont maintenues les exceptions l\u00e9gales dont notamment la repr\u00e9sentation dans le cadre du cercle de famille, la copie priv\u00e9e ou le droit de courte citation.<br \/>Ainsi, tous les textes, photos, logos, marques et autres \u00e9l\u00e9ments reproduits sur ce site sont r\u00e9serv\u00e9s et prot\u00e9g\u00e9s par le droit de la propri\u00e9t\u00e9 intellectuelle. (Droit auteur, droit voisin, droit des marques\u2026). Ils sont la propri\u00e9t\u00e9 exclusive de Ornella Pantar.<br \/>Toute repr\u00e9sentation totale ou partielle de ce site par quelque proc\u00e9d\u00e9 que ce soit, sans l\u2019autorisation expresse de l\u2019exploitant du site Internet est interdite et constituerait une contrefa\u00e7on sanctionn\u00e9e par les articles L 335-2 et suivants du Code de la propri\u00e9t\u00e9 intellectuelle.<br \/>Il en est de m\u00eame des \u00e9ventuelles bases de donn\u00e9es figurant sur le site Internet qui sont prot\u00e9g\u00e9es par les dispositions de la loi du 11 juillet 1998 portant transposition dans le Code de la propri\u00e9t\u00e9 intellectuelle (CPI) de la directive europ\u00e9enne du 11 mars 1996 relative \u00e0 la protection juridique des bases de donn\u00e9es.<\/p>\n<p>&nbsp;<\/p>\n<h3>Article 5: Donn\u00e9es personnelles \u2013 RGPD<\/h3>\n<p>Ornella Pantar recueille et enregistre des informations personnelles vous concernant lors d\u2019une demande de contact : nom, pr\u00e9nom, coordonn\u00e9es et \u00e0 l&rsquo;inscription \u00e0 la newsletter. Ces informations lui permettent d\u2019assurer le suivi de votre demande.<br \/>Les informations \u00e0 caract\u00e8re personnel peuvent \u00e9galement \u00eatre transmises \u00e0 Ornella Pantar lorsque vous prenez contact par t\u00e9l\u00e9phone, courrier ou messagerie \u00e9lectronique, ou via les r\u00e9seaux sociaux.<br \/>Les informations personnelles seront conserv\u00e9es aussi longtemps que n\u00e9cessaire pour l\u2019ex\u00e9cution de la finalit\u00e9 concern\u00e9e, sauf si vous exercez l\u2019un des droits qui vous sont reconnus par la l\u00e9gislation. Une dur\u00e9e de conservation plus longue est toutefois autoris\u00e9e ou impos\u00e9e en vertu d\u2019une obligation l\u00e9gale ou r\u00e9glementaire.<br \/>L\u2019acc\u00e8s \u00e0 vos donn\u00e9es personnelles est limit\u00e9 \u00e0 Ornella Pantar, tenue \u00e0 une obligation de confidentialit\u00e9.<br \/>Cependant, les donn\u00e9es collect\u00e9es pourront \u00e9ventuellement \u00eatre communiqu\u00e9es \u00e0 des sous-traitants charg\u00e9s de l\u2019ex\u00e9cution de votre demande ou des t\u00e2ches n\u00e9cessaires au bon fonctionnement du site et de ses services, sans que vous ayez besoin de donner votre autorisation. Les sous-traitants n\u2019ont qu\u2019un acc\u00e8s limit\u00e9 \u00e0 vos donn\u00e9es et ont une obligation contractuelle de les utiliser en conformit\u00e9 avec les dispositions de la l\u00e9gislation applicable en mati\u00e8re de protection des donn\u00e9es personnelles.<br \/>En dehors des cas \u00e9nonc\u00e9s ci-dessus, Ornella Pantar s\u2019engage \u00e0 ne pas c\u00e9der, louer, vendre, ni donner acc\u00e8s \u00e0 des tiers \u00e0 vos donn\u00e9es sans votre consentement pr\u00e9alable, \u00e0 moins d\u2019y \u00eatre contraints en raison d\u2019un motif l\u00e9gitime (obligation l\u00e9gale, lutte contre la fraude ou l\u2019abus, exercice des droits de la d\u00e9fense, etc.).<br \/>Certains des destinataires de vos donn\u00e9es peuvent \u00eatre situ\u00e9s en dehors de l\u2019Union europ\u00e9enne. Ornella Pantar veille \u00e0 ce que le pays du ou des destinataires offre un niveau de protection ad\u00e9quat par d\u00e9cision de la Commission europ\u00e9enne, pour s\u2019assurer d\u2019un niveau de protection suffisant de vos informations.<br \/>Ornella Pantar prend toutes les pr\u00e9cautions utiles pour pr\u00e9server la s\u00e9curit\u00e9 et la confidentialit\u00e9 des donn\u00e9es et notamment, emp\u00eacher qu\u2019elles soient d\u00e9form\u00e9es, endommag\u00e9es, ou que des tiers non autoris\u00e9s y aient acc\u00e8s. Les sous-traitants s\u2019engagent \u00e9galement \u00e0 respecter la s\u00e9curit\u00e9 et la confidentialit\u00e9 des donn\u00e9es.<br \/>Conform\u00e9ment \u00e0 la loi informatique et libert\u00e9s du 6 janvier 1978 et au R\u00e8glement Europ\u00e9en (RGPD) 2016\/679 du 27 avril 2016 (applicable d\u00e8s le 25 mai 2018), vous b\u00e9n\u00e9ficiez d\u2019un droit d\u2019acc\u00e8s, de rectification, de portabilit\u00e9, d\u2019effacement de vos donn\u00e9es, de limitation du traitement et d\u2019opposition au traitement de vos donn\u00e9es pour motifs l\u00e9gitimes.<br \/>Ces droits peuvent \u00eatre exerc\u00e9s aupr\u00e8s de Ornella Pantar<br \/>par mail \u00e0 l\u2019adresse mail <a href=\"mailto:ornellapantar@gmail.com\">ornellapantar@gmail.com<\/a><\/p>\n<p>&nbsp;<\/p>\n<h3>Article 6: Liens hypertexte (responsabilit\u00e9)<\/h3>\n<p>Il est pr\u00e9cis\u00e9 que l\u2019usage de liens hypertextes peut conduire \u00e0 la consultation d\u2019autres sites sur lesquels le directeur de la publication ne poss\u00e8de aucun contr\u00f4le.<br \/>L\u2019Utilisateur est inform\u00e9 qu\u2019en cliquant sur ces liens, il sortira du site https:\/\/ornellanaturopathe.com\/. En cons\u00e9quence, le respect des dispositions l\u00e9gales et r\u00e8glementaires, tant fran\u00e7aises qu\u2019europ\u00e9ennes, par ces sites ne peut aucunement \u00eatre garanti. Ce dernier n\u2019a pas de contr\u00f4le sur les pages web sur lesquelles aboutissent ces liens et ne saurait, en aucun cas, \u00eatre responsable de leur contenu.<br \/>Les risques li\u00e9s \u00e0 l\u2019utilisation de ces sites incombent pleinement \u00e0 l\u2019utilisateur. Il se conformera \u00e0 leurs conditions d\u2019utilisation.<br \/>Par pr\u00e9caution, il est conseill\u00e9 d\u2019utiliser un logiciel de contr\u00f4le parental lors de l\u2019acc\u00e8s \u00e0 ces sites, afin de restreindre la consultation de sites non conformes aux attentes et en particulier de prot\u00e9ger les mineurs.<\/p>\n<p>&nbsp;<\/p>\n<h3>Article 7: Cookies<\/h3>\n<p>L\u2019Utilisateur est inform\u00e9 que lors de ses visites sur le site, un cookie peut s\u2019installer automatiquement sur son logiciel de navigation.<br \/>Les cookies sont de petits fichiers stock\u00e9s temporairement sur le disque dur de l\u2019ordinateur de l\u2019Utilisateur par votre navigateur et qui sont n\u00e9cessaires \u00e0 l\u2019utilisation du site https:\/\/ornellanaturopathe.com\/. Les cookies ne contiennent pas d\u2019information personnelle et ne peuvent pas \u00eatre utilis\u00e9s pour identifier quelqu\u2019un. Un cookie contient un identifiant unique, g\u00e9n\u00e9r\u00e9 al\u00e9atoirement et donc anonyme. Certains cookies expirent \u00e0 la fin de la visite de l\u2019Utilisateur, d\u2019autres restent.<br \/>L\u2019information contenue dans les cookies est utilis\u00e9e pour am\u00e9liorer le site https:\/\/ornellanaturopathe.com\/.<br \/>En naviguant sur le site, L\u2019Utilisateur les accepte. L\u2019Utilisateur pourra d\u00e9sactiver ces cookies par l\u2019interm\u00e9diaire des param\u00e8tres figurant au sein de son logiciel de navigation. Le param\u00e9trage du logiciel de navigation permet d\u2019informer de la pr\u00e9sence de cookie et \u00e9ventuellement, de la refuser de la mani\u00e8re d\u00e9crite \u00e0 l\u2019adresse suivante :\u00a0www.cnil.fr.Notre site peut contenir des liens vers ou depuis des sites partenaires et d\u2019autres sites tiers. Si vous naviguez vers un de ces sites, veuillez noter qu\u2019ils poss\u00e8dent leur propre politique de confidentialit\u00e9 et que notre responsabilit\u00e9 s\u2019arr\u00eate au moment o\u00f9 vous quittez notre site. V\u00e9rifiez les politiques de confidentialit\u00e9 avant de transmettre vos donn\u00e9es personnelles \u00e0 des sites tiers.<\/p>\n<p>&nbsp;<\/p>\n<h3>Article 8: Droit applicable et juridiction comp\u00e9tente<\/h3>\n<p>La l\u00e9gislation fran\u00e7aise s\u2019applique au pr\u00e9sent contrat. En cas d\u2019absence de r\u00e9solution amiable d\u2019un litige n\u00e9 entre les parties, les tribunaux fran\u00e7ais seront seuls comp\u00e9tents pour en conna\u00eetre.<br \/>Pour toute question relative \u00e0 l\u2019application des pr\u00e9sentes CGU, vous pouvez joindre l\u2019\u00e9diteur aux coordonn\u00e9es inscrites \u00e0 l\u2019Article 1.<\/p>\n<p>&nbsp;<\/p>\n<h3>A propos des mentions l\u00e9gales :<\/h3>\n<p>Les mentions l\u00e9gales d\u00e9finies sur cette page s\u2019appliquent \u00e0 l\u2019ensemble du pr\u00e9sent site internet et sont susceptibles d\u2019\u00e9voluer sans pr\u00e9avis. L\u2019Utilisateur du site est donc invit\u00e9 \u00e0 les consulter r\u00e9guli\u00e8rement afin d\u2019en prendre connaissance.<\/p>\n<p>[\/et_pb_text][\/et_pb_column][\/et_pb_row][\/et_pb_section]<\/p>\n","protected":false},"excerpt":{"rendered":"<p>Mentions L\u00e9gales Conform\u00e9ment aux dispositions des Articles 6-III et 19 de la Loi n\u00b0 2004-575 du 21 juin 2004 pour la Confiance dans l\u2019\u00e9conomie num\u00e9rique, dite L.C.E.N., il est port\u00e9 \u00e0 la connaissance des utilisateurs et visiteurs du site https:\/\/ornellanaturopathe.com\/\u00a0les pr\u00e9sentes mentions l\u00e9gales.Est d\u00e9sign\u00e9 ci-apr\u00e8s : Utilisateur, tout internaute se connectant et utilisant le site [&hellip;]<\/p>\n","protected":false},"author":1,"featured_media":0,"parent":0,"menu_order":0,"comment_status":"closed","ping_status":"closed","template":"","meta":{"_et_pb_use_builder":"on","_et_pb_old_content":"<!-- wp:heading --><h2>Qui sommes-nous\u00a0?<\/h2><!-- \/wp:heading --><!-- wp:paragraph --><p><strong class=\"privacy-policy-tutorial\">Texte sugg\u00e9r\u00e9\u00a0: <\/strong>L\u2019adresse de notre site est\u00a0: https:\/\/ornellanaturopathe.com.<\/p><!-- \/wp:paragraph --><!-- wp:heading --><h2>Commentaires<\/h2><!-- \/wp:heading --><!-- wp:paragraph --><p><strong class=\"privacy-policy-tutorial\">Texte sugg\u00e9r\u00e9\u00a0: <\/strong>Quand vous laissez un commentaire sur notre site, les donn\u00e9es inscrites dans le formulaire de commentaire, mais aussi votre adresse IP et l\u2019agent utilisateur de votre navigateur sont collect\u00e9s pour nous aider \u00e0 la d\u00e9tection des commentaires ind\u00e9sirables.<\/p><!-- \/wp:paragraph --><!-- wp:paragraph --><p>Une cha\u00eene anonymis\u00e9e cr\u00e9\u00e9e \u00e0 partir de votre adresse e-mail (\u00e9galement appel\u00e9e hash) peut \u00eatre envoy\u00e9e au service Gravatar pour v\u00e9rifier si vous utilisez ce dernier. Les clauses de confidentialit\u00e9 du service Gravatar sont disponibles ici\u00a0: https:\/\/automattic.com\/privacy\/. Apr\u00e8s validation de votre commentaire, votre photo de profil sera visible publiquement \u00e0 cot\u00e9 de votre commentaire.<\/p><!-- \/wp:paragraph --><!-- wp:heading --><h2>M\u00e9dias<\/h2><!-- \/wp:heading --><!-- wp:paragraph --><p><strong class=\"privacy-policy-tutorial\">Texte sugg\u00e9r\u00e9\u00a0: <\/strong>Si vous t\u00e9l\u00e9versez des images sur le site, nous vous conseillons d\u2019\u00e9viter de t\u00e9l\u00e9verser des images contenant des donn\u00e9es EXIF de coordonn\u00e9es GPS. Les personnes visitant votre site peuvent t\u00e9l\u00e9charger et extraire des donn\u00e9es de localisation depuis ces images.<\/p><!-- \/wp:paragraph --><!-- wp:heading --><h2>Cookies<\/h2><!-- \/wp:heading --><!-- wp:paragraph --><p><strong class=\"privacy-policy-tutorial\">Texte sugg\u00e9r\u00e9\u00a0: <\/strong>Si vous d\u00e9posez un commentaire sur notre site, il vous sera propos\u00e9 d\u2019enregistrer votre nom, adresse e-mail et site dans des cookies. C\u2019est uniquement pour votre confort afin de ne pas avoir \u00e0 saisir ces informations si vous d\u00e9posez un autre commentaire plus tard. Ces cookies expirent au bout d\u2019un an.<\/p><!-- \/wp:paragraph --><!-- wp:paragraph --><p>Si vous vous rendez sur la page de connexion, un cookie temporaire sera cr\u00e9\u00e9 afin de d\u00e9terminer si votre navigateur accepte les cookies. Il ne contient pas de donn\u00e9es personnelles et sera supprim\u00e9 automatiquement \u00e0 la fermeture de votre navigateur.<\/p><!-- \/wp:paragraph --><!-- wp:paragraph --><p>Lorsque vous vous connecterez, nous mettrons en place un certain nombre de cookies pour enregistrer vos informations de connexion et vos pr\u00e9f\u00e9rences d\u2019\u00e9cran. La dur\u00e9e de vie d\u2019un cookie de connexion est de deux jours, celle d\u2019un cookie d\u2019option d\u2019\u00e9cran est d\u2019un an. Si vous cochez \u00ab\u00a0Se souvenir de moi\u00a0\u00bb, votre cookie de connexion sera conserv\u00e9 pendant deux semaines. Si vous vous d\u00e9connectez de votre compte, le cookie de connexion sera effac\u00e9.<\/p><!-- \/wp:paragraph --><!-- wp:paragraph --><p>En modifiant ou en publiant une publication, un cookie suppl\u00e9mentaire sera enregistr\u00e9 dans votre navigateur. Ce cookie ne comprend aucune donn\u00e9e personnelle. Il indique simplement l\u2019ID de la publication que vous venez de modifier. Il expire au bout d\u2019un jour.<\/p><!-- \/wp:paragraph --><!-- wp:heading --><h2>Contenu embarqu\u00e9 depuis d\u2019autres sites<\/h2><!-- \/wp:heading --><!-- wp:paragraph --><p><strong class=\"privacy-policy-tutorial\">Texte sugg\u00e9r\u00e9\u00a0: <\/strong>Les articles de ce site peuvent inclure des contenus int\u00e9gr\u00e9s (par exemple des vid\u00e9os, images, articles\u2026). Le contenu int\u00e9gr\u00e9 depuis d\u2019autres sites se comporte de la m\u00eame mani\u00e8re que si le visiteur se rendait sur cet autre site.<\/p><!-- \/wp:paragraph --><!-- wp:paragraph --><p>Ces sites web pourraient collecter des donn\u00e9es sur vous, utiliser des cookies, embarquer des outils de suivis tiers, suivre vos interactions avec ces contenus embarqu\u00e9s si vous disposez d\u2019un compte connect\u00e9 sur leur site web.<\/p><!-- \/wp:paragraph --><!-- wp:heading --><h2>Utilisation et transmission de vos donn\u00e9es personnelles<\/h2><!-- \/wp:heading --><!-- wp:paragraph --><p><strong class=\"privacy-policy-tutorial\">Texte sugg\u00e9r\u00e9\u00a0: <\/strong>Si vous demandez une r\u00e9initialisation de votre mot de passe, votre adresse IP sera incluse dans l\u2019e-mail de r\u00e9initialisation.<\/p><!-- \/wp:paragraph --><!-- wp:heading --><h2>Dur\u00e9es de stockage de vos donn\u00e9es<\/h2><!-- \/wp:heading --><!-- wp:paragraph --><p><strong class=\"privacy-policy-tutorial\">Texte sugg\u00e9r\u00e9\u00a0: <\/strong>Si vous laissez un commentaire, le commentaire et ses m\u00e9tadonn\u00e9es sont conserv\u00e9s ind\u00e9finiment. Cela permet de reconna\u00eetre et approuver automatiquement les commentaires suivants au lieu de les laisser dans la file de mod\u00e9ration.<\/p><!-- \/wp:paragraph --><!-- wp:paragraph --><p>Pour les comptes qui s\u2019inscrivent sur notre site (le cas \u00e9ch\u00e9ant), nous stockons \u00e9galement les donn\u00e9es personnelles indiqu\u00e9es dans leur profil. Tous les comptes peuvent voir, modifier ou supprimer leurs informations personnelles \u00e0 tout moment (\u00e0 l\u2019exception de leur identifiant). Les gestionnaires du site peuvent aussi voir et modifier ces informations.<\/p><!-- \/wp:paragraph --><!-- wp:heading --><h2>Les droits que vous avez sur vos donn\u00e9es<\/h2><!-- \/wp:heading --><!-- wp:paragraph --><p><strong class=\"privacy-policy-tutorial\">Texte sugg\u00e9r\u00e9\u00a0: <\/strong>Si vous avez un compte ou si vous avez laiss\u00e9 des commentaires sur le site, vous pouvez demander \u00e0 recevoir un fichier contenant toutes les donn\u00e9es personnelles que nous poss\u00e9dons \u00e0 votre sujet, incluant celles que vous nous avez fournies. Vous pouvez \u00e9galement demander la suppression des donn\u00e9es personnelles vous concernant. Cela ne prend pas en compte les donn\u00e9es stock\u00e9es \u00e0 des fins administratives, l\u00e9gales ou pour des raisons de s\u00e9curit\u00e9.<\/p><!-- \/wp:paragraph --><!-- wp:heading --><h2>Transmission de vos donn\u00e9es personnelles<\/h2><!-- \/wp:heading --><!-- wp:paragraph --><p><strong class=\"privacy-policy-tutorial\">Texte sugg\u00e9r\u00e9\u00a0: <\/strong>Les commentaires des visiteurs peuvent \u00eatre v\u00e9rifi\u00e9s \u00e0 l\u2019aide d\u2019un service automatis\u00e9 de d\u00e9tection des commentaires ind\u00e9sirables.<\/p><!-- \/wp:paragraph -->","_et_gb_content_width":"","footnotes":""},"class_list":["post-3","page","type-page","status-publish","hentry"],"yoast_head":"<!-- This site is optimized with the Yoast SEO plugin v27.4 - https:\/\/yoast.com\/product\/yoast-seo-wordpress\/ -->\n<title>Politique de confidentialit\u00e9 - Ornella naturopathe<\/title>\n<meta name=\"robots\" content=\"index, follow, max-snippet:-1, max-image-preview:large, max-video-preview:-1\" \/>\n<link rel=\"canonical\" href=\"https:\/\/ornellanaturopathe.com\/index.php\/mentions-legales\/\" \/>\n<meta property=\"og:locale\" content=\"fr_FR\" \/>\n<meta property=\"og:type\" content=\"article\" \/>\n<meta property=\"og:title\" content=\"Politique de confidentialit\u00e9 - Ornella naturopathe\" \/>\n<meta property=\"og:description\" content=\"Mentions L\u00e9gales Conform\u00e9ment aux dispositions des Articles 6-III et 19 de la Loi n\u00b0 2004-575 du 21 juin 2004 pour la Confiance dans l\u2019\u00e9conomie num\u00e9rique, dite L.C.E.N., il est port\u00e9 \u00e0 la connaissance des utilisateurs et visiteurs du site https:\/\/ornellanaturopathe.com\/\u00a0les pr\u00e9sentes mentions l\u00e9gales.Est d\u00e9sign\u00e9 ci-apr\u00e8s : Utilisateur, tout internaute se connectant et utilisant le site [&hellip;]\" \/>\n<meta property=\"og:url\" content=\"https:\/\/ornellanaturopathe.com\/index.php\/mentions-legales\/\" \/>\n<meta property=\"og:site_name\" content=\"Ornella naturopathe\" \/>\n<meta property=\"article:modified_time\" content=\"2022-10-06T17:22:19+00:00\" \/>\n<meta name=\"twitter:card\" content=\"summary_large_image\" \/>\n<meta name=\"twitter:label1\" content=\"Dur\u00e9e de lecture estim\u00e9e\" \/>\n\t<meta name=\"twitter:data1\" content=\"8 minutes\" \/>\n<script type=\"application\/ld+json\" class=\"yoast-schema-graph\">{\"@context\":\"https:\\\/\\\/schema.org\",\"@graph\":[{\"@type\":\"WebPage\",\"@id\":\"https:\\\/\\\/ornellanaturopathe.com\\\/index.php\\\/mentions-legales\\\/\",\"url\":\"https:\\\/\\\/ornellanaturopathe.com\\\/index.php\\\/mentions-legales\\\/\",\"name\":\"Politique de confidentialit\u00e9 - Ornella naturopathe\",\"isPartOf\":{\"@id\":\"https:\\\/\\\/ornellanaturopathe.com\\\/#website\"},\"datePublished\":\"2022-09-08T11:14:38+00:00\",\"dateModified\":\"2022-10-06T17:22:19+00:00\",\"breadcrumb\":{\"@id\":\"https:\\\/\\\/ornellanaturopathe.com\\\/index.php\\\/mentions-legales\\\/#breadcrumb\"},\"inLanguage\":\"fr-FR\",\"potentialAction\":[{\"@type\":\"ReadAction\",\"target\":[\"https:\\\/\\\/ornellanaturopathe.com\\\/index.php\\\/mentions-legales\\\/\"]}]},{\"@type\":\"BreadcrumbList\",\"@id\":\"https:\\\/\\\/ornellanaturopathe.com\\\/index.php\\\/mentions-legales\\\/#breadcrumb\",\"itemListElement\":[{\"@type\":\"ListItem\",\"position\":1,\"name\":\"Accueil\",\"item\":\"https:\\\/\\\/ornellanaturopathe.com\\\/\"},{\"@type\":\"ListItem\",\"position\":2,\"name\":\"Politique de confidentialit\u00e9\"}]},{\"@type\":\"WebSite\",\"@id\":\"https:\\\/\\\/ornellanaturopathe.com\\\/#website\",\"url\":\"https:\\\/\\\/ornellanaturopathe.com\\\/\",\"name\":\"Ornella naturopathe\",\"description\":\"Naturopathe \u00e0 Villeneuve Loubet et en visio.\",\"potentialAction\":[{\"@type\":\"SearchAction\",\"target\":{\"@type\":\"EntryPoint\",\"urlTemplate\":\"https:\\\/\\\/ornellanaturopathe.com\\\/?s={search_term_string}\"},\"query-input\":{\"@type\":\"PropertyValueSpecification\",\"valueRequired\":true,\"valueName\":\"search_term_string\"}}],\"inLanguage\":\"fr-FR\"}]}<\/script>\n<!-- \/ Yoast SEO plugin. -->","yoast_head_json":{"title":"Politique de confidentialit\u00e9 - Ornella naturopathe","robots":{"index":"index","follow":"follow","max-snippet":"max-snippet:-1","max-image-preview":"max-image-preview:large","max-video-preview":"max-video-preview:-1"},"canonical":"https:\/\/ornellanaturopathe.com\/index.php\/mentions-legales\/","og_locale":"fr_FR","og_type":"article","og_title":"Politique de confidentialit\u00e9 - Ornella naturopathe","og_description":"Mentions L\u00e9gales Conform\u00e9ment aux dispositions des Articles 6-III et 19 de la Loi n\u00b0 2004-575 du 21 juin 2004 pour la Confiance dans l\u2019\u00e9conomie num\u00e9rique, dite L.C.E.N., il est port\u00e9 \u00e0 la connaissance des utilisateurs et visiteurs du site https:\/\/ornellanaturopathe.com\/\u00a0les pr\u00e9sentes mentions l\u00e9gales.Est d\u00e9sign\u00e9 ci-apr\u00e8s : Utilisateur, tout internaute se connectant et utilisant le site [&hellip;]","og_url":"https:\/\/ornellanaturopathe.com\/index.php\/mentions-legales\/","og_site_name":"Ornella naturopathe","article_modified_time":"2022-10-06T17:22:19+00:00","twitter_card":"summary_large_image","twitter_misc":{"Dur\u00e9e de lecture estim\u00e9e":"8 minutes"},"schema":{"@context":"https:\/\/schema.org","@graph":[{"@type":"WebPage","@id":"https:\/\/ornellanaturopathe.com\/index.php\/mentions-legales\/","url":"https:\/\/ornellanaturopathe.com\/index.php\/mentions-legales\/","name":"Politique de confidentialit\u00e9 - Ornella naturopathe","isPartOf":{"@id":"https:\/\/ornellanaturopathe.com\/#website"},"datePublished":"2022-09-08T11:14:38+00:00","dateModified":"2022-10-06T17:22:19+00:00","breadcrumb":{"@id":"https:\/\/ornellanaturopathe.com\/index.php\/mentions-legales\/#breadcrumb"},"inLanguage":"fr-FR","potentialAction":[{"@type":"ReadAction","target":["https:\/\/ornellanaturopathe.com\/index.php\/mentions-legales\/"]}]},{"@type":"BreadcrumbList","@id":"https:\/\/ornellanaturopathe.com\/index.php\/mentions-legales\/#breadcrumb","itemListElement":[{"@type":"ListItem","position":1,"name":"Accueil","item":"https:\/\/ornellanaturopathe.com\/"},{"@type":"ListItem","position":2,"name":"Politique de confidentialit\u00e9"}]},{"@type":"WebSite","@id":"https:\/\/ornellanaturopathe.com\/#website","url":"https:\/\/ornellanaturopathe.com\/","name":"Ornella naturopathe","description":"Naturopathe \u00e0 Villeneuve Loubet et en visio.","potentialAction":[{"@type":"SearchAction","target":{"@type":"EntryPoint","urlTemplate":"https:\/\/ornellanaturopathe.com\/?s={search_term_string}"},"query-input":{"@type":"PropertyValueSpecification","valueRequired":true,"valueName":"search_term_string"}}],"inLanguage":"fr-FR"}]}},"_links":{"self":[{"href":"https:\/\/ornellanaturopathe.com\/index.php\/wp-json\/wp\/v2\/pages\/3","targetHints":{"allow":["GET"]}}],"collection":[{"href":"https:\/\/ornellanaturopathe.com\/index.php\/wp-json\/wp\/v2\/pages"}],"about":[{"href":"https:\/\/ornellanaturopathe.com\/index.php\/wp-json\/wp\/v2\/types\/page"}],"author":[{"embeddable":true,"href":"https:\/\/ornellanaturopathe.com\/index.php\/wp-json\/wp\/v2\/users\/1"}],"replies":[{"embeddable":true,"href":"https:\/\/ornellanaturopathe.com\/index.php\/wp-json\/wp\/v2\/comments?post=3"}],"version-history":[{"count":3,"href":"https:\/\/ornellanaturopathe.com\/index.php\/wp-json\/wp\/v2\/pages\/3\/revisions"}],"predecessor-version":[{"id":274,"href":"https:\/\/ornellanaturopathe.com\/index.php\/wp-json\/wp\/v2\/pages\/3\/revisions\/274"}],"wp:attachment":[{"href":"https:\/\/ornellanaturopathe.com\/index.php\/wp-json\/wp\/v2\/media?parent=3"}],"curies":[{"name":"wp","href":"https:\/\/api.w.org\/{rel}","templated":true}]}}